{"id":200,"date":"2015-10-21T20:54:19","date_gmt":"2015-10-21T20:54:19","guid":{"rendered":"http:\/\/hotelalejandro.com.ar\/web\/?page_id=200"},"modified":"2015-11-16T19:22:56","modified_gmt":"2015-11-16T19:22:56","slug":"alrededores","status":"publish","type":"page","link":"https:\/\/hotelalejandro.com.ar\/web\/alrededores\/","title":{"rendered":"Alrededores"},"content":{"rendered":"<h2><a href=\"http:\/\/www.paraisoyapeyu.com.ar\/index.html\" target=\"_blank\">COMPLEJO \u00abPARA\u00cdSO DE YAPEY\u00da\u00bb<\/a><\/h2>\n<p><a href=\"http:\/\/www.paraisoyapeyu.com.ar\/index.html\"><img decoding=\"async\" class=\"big-img\" src=\"http:\/\/www.paraisoyapeyu.com.ar\/assets\/img\/thumbs\/N01.jpg\" alt=\"\" \/><\/a><\/p>\n<p><span style=\"text-decoration: underline;\"><strong>El complejo ofrece:<\/strong><\/span><\/p>\n<p><a href=\"http:\/\/www.paraisoyapeyu.com.ar\/index.html\"><span class=\"preload left\"><img decoding=\"async\" class=\"small-img\" src=\"http:\/\/www.paraisoyapeyu.com.ar\/assets\/img\/thumbs\/N02.jpg\" alt=\"\" \/><\/span><\/a><\/p>\n<p><strong>30 Bungalows<\/strong> de m\u00e1ximo confort con vista al r\u00edo m\u00e1s panor\u00e1mico del mundo: el Uruguay. Con capacidad para 158 personas, donde encontrar\u00e1s una hermosa piscina, Restaurant, TV., Tel\u00e9fono, heladera, parrillas, cancha de padle, voley y f\u00fatbol, paseos en lanchas. Cada Bungalows consta de dos habitaciones, ba\u0144o completo privado, aire acondicionado, estacionamientos individuales, sal\u00f3n comedor y parque con juegos infantiles.<\/p>\n<p>&nbsp;<\/p>\n<p><a href=\"http:\/\/www.paraisoyapeyu.com.ar\/index.html\"><span class=\"preload left\"><img decoding=\"async\" class=\"small-img\" src=\"http:\/\/www.paraisoyapeyu.com.ar\/assets\/img\/thumbs\/N03.jpg\" alt=\"\" \/><\/span><\/a><\/p>\n<p>Todo esto siempre acompa\u0144ado con la mejor atenci\u00f3n en cada actividad.<\/p>\n<p>Tel: 3772-493056<\/p>\n<p><a href=\"mailto:paraisoyapeyu@vapsistemas.com.ar\">paraisoyapeyu@vapsistemas.com.ar<\/a><\/p>\n<p><strong>Paso de los Patos S\/N\u00ba<br \/>\n(3231) Yapey\u00fa &#8211; Corrientes<br \/>\n<\/strong><\/p>\n","protected":false},"excerpt":{"rendered":"<p>COMPLEJO \u00abPARA\u00cdSO DE YAPEY\u00da\u00bb El complejo ofrece: 30 Bungalows de m\u00e1ximo confort con vista al r\u00edo m\u00e1s panor\u00e1mico del mundo: el Uruguay. Con capacidad para 158 personas, donde encontrar\u00e1s una&#8230; <a class=\"more-link\" href=\"https:\/\/hotelalejandro.com.ar\/web\/alrededores\/\" rel=\"nofollow\">Continue reading<\/a><\/p>\n","protected":false},"author":3,"featured_media":212,"parent":0,"menu_order":0,"comment_status":"closed","ping_status":"closed","template":"template-fullwidth.php","meta":{"footnotes":""},"class_list":["post-200","page","type-page","status-publish","has-post-thumbnail","hentry"],"_links":{"self":[{"href":"https:\/\/hotelalejandro.com.ar\/web\/wp-json\/wp\/v2\/pages\/200","targetHints":{"allow":["GET"]}}],"collection":[{"href":"https:\/\/hotelalejandro.com.ar\/web\/wp-json\/wp\/v2\/pages"}],"about":[{"href":"https:\/\/hotelalejandro.com.ar\/web\/wp-json\/wp\/v2\/types\/page"}],"author":[{"embeddable":true,"href":"https:\/\/hotelalejandro.com.ar\/web\/wp-json\/wp\/v2\/users\/3"}],"replies":[{"embeddable":true,"href":"https:\/\/hotelalejandro.com.ar\/web\/wp-json\/wp\/v2\/comments?post=200"}],"version-history":[{"count":7,"href":"https:\/\/hotelalejandro.com.ar\/web\/wp-json\/wp\/v2\/pages\/200\/revisions"}],"predecessor-version":[{"id":277,"href":"https:\/\/hotelalejandro.com.ar\/web\/wp-json\/wp\/v2\/pages\/200\/revisions\/277"}],"wp:featuredmedia":[{"embeddable":true,"href":"https:\/\/hotelalejandro.com.ar\/web\/wp-json\/wp\/v2\/media\/212"}],"wp:attachment":[{"href":"https:\/\/hotelalejandro.com.ar\/web\/wp-json\/wp\/v2\/media?parent=200"}],"curies":[{"name":"wp","href":"https:\/\/api.w.org\/{rel}","templated":true}]}}